{"id":163,"date":"2021-05-03T18:50:11","date_gmt":"2021-05-03T16:50:11","guid":{"rendered":"https:\/\/endru.de\/wp\/?page_id=163"},"modified":"2022-08-04T11:36:25","modified_gmt":"2022-08-04T09:36:25","slug":"alternative-medien","status":"publish","type":"page","link":"https:\/\/endru.de\/wp\/alternative-medien\/","title":{"rendered":"Alternative Medien"},"content":{"rendered":"\n<p>Wir werden heute von den \u00d6ffentlich-rechtlichen Medien nicht mehr objektiv und ehrlich informiert, sondern einseitig mit &#8222;Fake News&#8220; und antichristlicher Propaganda , mit &#8222;Framing&#8220; und &#8222;Spins&#8220; angelogen. <\/p>\n\n\n\n<figure class=\"wp-block-embed is-type-video is-provider-youtube wp-block-embed-youtube wp-embed-aspect-16-9 wp-has-aspect-ratio\"><div class=\"wp-block-embed__wrapper\">\n<iframe loading=\"lazy\" title=\"UHRsprung - Macht euch schlau\" width=\"525\" height=\"295\" src=\"https:\/\/www.youtube.com\/embed\/0_PR1chHOtA?feature=oembed\" frameborder=\"0\" allow=\"accelerometer; autoplay; clipboard-write; encrypted-media; gyroscope; picture-in-picture\" allowfullscreen><\/iframe>\n<\/div><figcaption>Staatsfunk-Propaganda, spaltet, hetzt, l\u00fcgt und stachelt die Bev\u00f6lkerung auf! Sie bringt massenhaft Fake-News, darum mu\u00df sie auch die Alternativen Medien, Wissenschaftler, Richter etc. zensieren, zusammen mit den BigTec, weil sie keine Argumente dagegen hat!<\/figcaption><\/figure>\n\n\n\n<p>Millionen von Videos die f\u00fcr die Wahrheit standen, wurden und werden auf YouTube der Google-Tochter gel\u00f6scht. Google selbst verschweigt wichtige Neuigkeiten, zeigt keine entsprechenden Verweise und zensiert, f\u00e4lscht und manipuliert Ergebnisse. <\/p>\n\n\n\n<p>Die Bundesregierung gibt 1,1 Milliarden Euro aus um Linke und linksextreme zu unterst\u00fctzen im angeblichen Kampf gegen Rechts. <\/p>\n\n\n\n<p>Wer sich in dieser Zeit wirklich informieren m\u00f6chte, braucht schon gute und unabh\u00e4ngige Quellen. Zur Information empfohlen:.<\/p>\n\n\n\n<figure class=\"wp-block-table is-style-stripes\" style=\"font-size:12px\"><table><tbody><tr><td> Netzseiten<\/td><td><a href=\"https:\/\/t.me\/etvideocontentchat\" target=\"_blank\" rel=\"noreferrer noopener\">Telegramm ET<\/a><\/td><td>YouTube &amp; Co.<\/td><\/tr><tr><td><a rel=\"noreferrer noopener\" href=\"https:\/\/reitschuster.de\/\" target=\"_blank\">https:\/\/reitschuster.de\/<\/a><\/td><td><a rel=\"noreferrer noopener\" href=\"https:\/\/www.youtube.com\/channel\/UCgvFsn6bRKqND1cW3HpzDrA\" target=\"_blank\">Compact TV<\/a><\/td><td><a rel=\"noreferrer noopener\" href=\"https:\/\/odysee.com\/@eingeSCHENKt:0\/weimar-solidarit%C3%A4t-f%C3%BCr-christian:8\" target=\"_blank\">Keine Rechtstaatlichkeit gegen Richter<\/a> in Weimar<\/td><\/tr><tr><td><a rel=\"noreferrer noopener\" href=\"http:\/\/www.pi-news.net\/\" target=\"_blank\">www.pi-news.net\/<\/a><\/td><td><a rel=\"noreferrer noopener\" href=\"https:\/\/www.mmnews.de\/\" target=\"_blank\">www.mmnews.de\/<\/a><\/td><td><a href=\"https:\/\/www.bitchute.com\/video\/6JisEFJlbDf3\/?list=notifications&amp;randomize=false\" target=\"_blank\" rel=\"noreferrer noopener\">Gewinne in Pandemie<\/a><\/td><\/tr><tr><td><a rel=\"noreferrer noopener\" href=\"https:\/\/www.tichyseinblick.de\/\" target=\"_blank\">www.tichyseinblick.de\/<\/a><\/td><td><a rel=\"noreferrer noopener\" href=\"https:\/\/www.compact-online.de\/\" target=\"_blank\">www.compact-online.de\/<\/a><\/td><td><a href=\"https:\/\/dlive.tv\/Berlin_Online_TV\" target=\"_blank\" rel=\"noreferrer noopener\">Berlin-Online TV<\/a> dlive.tv<\/td><\/tr><tr><td><a rel=\"noreferrer noopener\" href=\"https:\/\/www.kla.tv\/\" target=\"_blank\">https:\/\/www.kla.tv\/<\/a><\/td><td><a rel=\"noreferrer noopener\" href=\"https:\/\/politikstube.com\/\" target=\"_blank\">politikstube.com\/<\/a><\/td><td><\/td><\/tr><tr><td><a rel=\"noreferrer noopener\" href=\"https:\/\/www.epochtimes.de\/\" target=\"_blank\">www.epochtimes.de\/<\/a><\/td><td><a rel=\"noreferrer noopener\" href=\"https:\/\/jungefreiheit.de\/\" target=\"_blank\">jungefreiheit.de\/<\/a><\/td><td><\/td><\/tr><tr><td><a rel=\"noreferrer noopener\" href=\"https:\/\/www.journalistenwatch.com\/\" target=\"_blank\">journalistenwatch.com\/<\/a><\/td><td><\/td><td><\/td><\/tr><\/tbody><\/table><figcaption>Alternative Medien<\/figcaption><\/figure>\n\n\n\n<p><\/p>\n","protected":false},"excerpt":{"rendered":"<p>Wir werden heute von den \u00d6ffentlich-rechtlichen Medien nicht mehr objektiv und ehrlich informiert, sondern einseitig mit &#8222;Fake News&#8220; und antichristlicher Propaganda , mit &#8222;Framing&#8220; und &#8222;Spins&#8220; angelogen. Millionen von Videos die f\u00fcr die Wahrheit standen, wurden und werden auf YouTube der Google-Tochter gel\u00f6scht. Google selbst verschweigt wichtige Neuigkeiten, zeigt keine entsprechenden Verweise und zensiert, f\u00e4lscht &hellip; <\/p>\n<p class=\"link-more\"><a href=\"https:\/\/endru.de\/wp\/alternative-medien\/\" class=\"more-link\"><span class=\"screen-reader-text\">\u201eAlternative Medien\u201c<\/span> weiterlesen<\/a><\/p>\n","protected":false},"author":1,"featured_media":0,"parent":0,"menu_order":0,"comment_status":"closed","ping_status":"closed","template":"","meta":{"footnotes":""},"_links":{"self":[{"href":"https:\/\/endru.de\/wp\/wp-json\/wp\/v2\/pages\/163"}],"collection":[{"href":"https:\/\/endru.de\/wp\/wp-json\/wp\/v2\/pages"}],"about":[{"href":"https:\/\/endru.de\/wp\/wp-json\/wp\/v2\/types\/page"}],"author":[{"embeddable":true,"href":"https:\/\/endru.de\/wp\/wp-json\/wp\/v2\/users\/1"}],"replies":[{"embeddable":true,"href":"https:\/\/endru.de\/wp\/wp-json\/wp\/v2\/comments?post=163"}],"version-history":[{"count":10,"href":"https:\/\/endru.de\/wp\/wp-json\/wp\/v2\/pages\/163\/revisions"}],"predecessor-version":[{"id":959,"href":"https:\/\/endru.de\/wp\/wp-json\/wp\/v2\/pages\/163\/revisions\/959"}],"wp:attachment":[{"href":"https:\/\/endru.de\/wp\/wp-json\/wp\/v2\/media?parent=163"}],"curies":[{"name":"wp","href":"https:\/\/api.w.org\/{rel}","templated":true}]}}