{"id":145,"date":"2021-05-03T16:32:01","date_gmt":"2021-05-03T14:32:01","guid":{"rendered":"https:\/\/endru.de\/wp\/?page_id=145"},"modified":"2021-05-03T16:36:47","modified_gmt":"2021-05-03T14:36:47","slug":"schule","status":"publish","type":"page","link":"https:\/\/endru.de\/wp\/schule\/","title":{"rendered":"Schule"},"content":{"rendered":"\n<p>Das Wichtigste was wir in Deutschland (dem Land ohne eigene Rohstoffe) haben. <br>Ich habe meine Schulbildung auf dem 1. und 2. Bildungsweg erworben.<\/p>\n\n\n\n<div class=\"wp-block-group\"><div class=\"wp-block-group__inner-container is-layout-flow wp-block-group-is-layout-flow\">\n<ul><li>Grundschule<\/li><li>Hauptschule<\/li><li>Abendschule f\u00fcr den Hauptschulabschlu\u00df<\/li><li>BAS (Fachschule = Realschule)<\/li><li>FOS (Fachoberschule = Fachabitur)<\/li><li>Fachhochschule (Studium + Dipl.- Abschlu\u00df).<\/li><\/ul>\n<\/div><\/div>\n\n\n\n<p><\/p>\n\n\n\n<p>Was ich an der Ausbildung vermisst habe, soll hier folgen.<\/p>\n\n\n\n<p><\/p>\n","protected":false},"excerpt":{"rendered":"<p>Das Wichtigste was wir in Deutschland (dem Land ohne eigene Rohstoffe) haben. Ich habe meine Schulbildung auf dem 1. und 2. Bildungsweg erworben. Grundschule Hauptschule Abendschule f\u00fcr den Hauptschulabschlu\u00df BAS (Fachschule = Realschule) FOS (Fachoberschule = Fachabitur) Fachhochschule (Studium + Dipl.- Abschlu\u00df). Was ich an der Ausbildung vermisst habe, soll hier folgen.<\/p>\n","protected":false},"author":1,"featured_media":0,"parent":0,"menu_order":0,"comment_status":"closed","ping_status":"closed","template":"","meta":{"footnotes":""},"_links":{"self":[{"href":"https:\/\/endru.de\/wp\/wp-json\/wp\/v2\/pages\/145"}],"collection":[{"href":"https:\/\/endru.de\/wp\/wp-json\/wp\/v2\/pages"}],"about":[{"href":"https:\/\/endru.de\/wp\/wp-json\/wp\/v2\/types\/page"}],"author":[{"embeddable":true,"href":"https:\/\/endru.de\/wp\/wp-json\/wp\/v2\/users\/1"}],"replies":[{"embeddable":true,"href":"https:\/\/endru.de\/wp\/wp-json\/wp\/v2\/comments?post=145"}],"version-history":[{"count":3,"href":"https:\/\/endru.de\/wp\/wp-json\/wp\/v2\/pages\/145\/revisions"}],"predecessor-version":[{"id":150,"href":"https:\/\/endru.de\/wp\/wp-json\/wp\/v2\/pages\/145\/revisions\/150"}],"wp:attachment":[{"href":"https:\/\/endru.de\/wp\/wp-json\/wp\/v2\/media?parent=145"}],"curies":[{"name":"wp","href":"https:\/\/api.w.org\/{rel}","templated":true}]}}